{"id":634,"date":"2023-07-31T17:41:27","date_gmt":"2023-07-31T20:41:27","guid":{"rendered":"https:\/\/jofisa11.engemarketing.com.br\/?page_id=634"},"modified":"2023-07-31T17:51:02","modified_gmt":"2023-07-31T20:51:02","slug":"bertioga","status":"publish","type":"page","link":"https:\/\/jofisa11.engemarketing.com.br\/index.php\/bertioga\/","title":{"rendered":"Bertioga"},"content":{"rendered":"\t\t<div data-elementor-type=\"wp-page\" data-elementor-id=\"634\" class=\"elementor elementor-634\">\n\t\t\t\t\t\t\t\t\t<section class=\"elementor-section elementor-top-section elementor-element elementor-element-e6d7725 elementor-section-boxed elementor-section-height-default elementor-section-height-default\" data-id=\"e6d7725\" data-element_type=\"section\" data-settings=\"{&quot;background_background&quot;:&quot;classic&quot;}\">\n\t\t\t\t\t\t\t<div class=\"elementor-background-overlay\"><\/div>\n\t\t\t\t\t\t\t<div class=\"elementor-container elementor-column-gap-no\">\n\t\t\t\t\t<div class=\"elementor-column elementor-col-100 elementor-top-column elementor-element elementor-element-77942235\" data-id=\"77942235\" data-element_type=\"column\">\n\t\t\t<div class=\"elementor-widget-wrap elementor-element-populated\">\n\t\t\t\t\t\t\t\t<div class=\"elementor-element elementor-element-1f40dd77 elementor-widget elementor-widget-heading\" data-id=\"1f40dd77\" data-element_type=\"widget\" data-widget_type=\"heading.default\">\n\t\t\t\t<div class=\"elementor-widget-container\">\n\t\t\t<style>\/*! elementor - v3.14.0 - 26-06-2023 *\/\n.elementor-heading-title{padding:0;margin:0;line-height:1}.elementor-widget-heading .elementor-heading-title[class*=elementor-size-]>a{color:inherit;font-size:inherit;line-height:inherit}.elementor-widget-heading .elementor-heading-title.elementor-size-small{font-size:15px}.elementor-widget-heading .elementor-heading-title.elementor-size-medium{font-size:19px}.elementor-widget-heading .elementor-heading-title.elementor-size-large{font-size:29px}.elementor-widget-heading .elementor-heading-title.elementor-size-xl{font-size:39px}.elementor-widget-heading .elementor-heading-title.elementor-size-xxl{font-size:59px}<\/style><h1 class=\"elementor-heading-title elementor-size-default\">Bertioga<\/h1>\t\t<\/div>\n\t\t\t\t<\/div>\n\t\t\t\t\t<\/div>\n\t\t<\/div>\n\t\t\t\t\t\t\t<\/div>\n\t\t<\/section>\n\t\t\t\t<section class=\"elementor-section elementor-top-section elementor-element elementor-element-269ce49a elementor-section-boxed elementor-section-height-default elementor-section-height-default\" data-id=\"269ce49a\" data-element_type=\"section\" data-settings=\"{&quot;background_background&quot;:&quot;classic&quot;}\">\n\t\t\t\t\t\t<div class=\"elementor-container elementor-column-gap-no\">\n\t\t\t\t\t<div class=\"elementor-column elementor-col-50 elementor-top-column elementor-element elementor-element-38b25455\" data-id=\"38b25455\" data-element_type=\"column\">\n\t\t\t<div class=\"elementor-widget-wrap elementor-element-populated\">\n\t\t\t\t\t\t\t\t<div class=\"elementor-element elementor-element-28807567 gallery-spacing-custom elementor-widget elementor-widget-image-gallery\" data-id=\"28807567\" data-element_type=\"widget\" data-widget_type=\"image-gallery.default\">\n\t\t\t\t<div class=\"elementor-widget-container\">\n\t\t\t<style>\/*! elementor - v3.14.0 - 26-06-2023 *\/\n.elementor-image-gallery .gallery-item{display:inline-block;text-align:center;vertical-align:top;width:100%;max-width:100%;margin:0 auto}.elementor-image-gallery .gallery-item img{margin:0 auto}.elementor-image-gallery .gallery-item .gallery-caption{margin:0}.elementor-image-gallery figure img{display:block}.elementor-image-gallery figure figcaption{width:100%}.gallery-spacing-custom .elementor-image-gallery .gallery-icon{padding:0}@media (min-width:768px){.elementor-image-gallery .gallery-columns-2 .gallery-item{max-width:50%}.elementor-image-gallery .gallery-columns-3 .gallery-item{max-width:33.33%}.elementor-image-gallery .gallery-columns-4 .gallery-item{max-width:25%}.elementor-image-gallery .gallery-columns-5 .gallery-item{max-width:20%}.elementor-image-gallery .gallery-columns-6 .gallery-item{max-width:16.666%}.elementor-image-gallery .gallery-columns-7 .gallery-item{max-width:14.28%}.elementor-image-gallery .gallery-columns-8 .gallery-item{max-width:12.5%}.elementor-image-gallery .gallery-columns-9 .gallery-item{max-width:11.11%}.elementor-image-gallery .gallery-columns-10 .gallery-item{max-width:10%}}@media (min-width:480px) and (max-width:767px){.elementor-image-gallery .gallery.gallery-columns-2 .gallery-item,.elementor-image-gallery .gallery.gallery-columns-3 .gallery-item,.elementor-image-gallery .gallery.gallery-columns-4 .gallery-item,.elementor-image-gallery .gallery.gallery-columns-5 .gallery-item,.elementor-image-gallery .gallery.gallery-columns-6 .gallery-item,.elementor-image-gallery .gallery.gallery-columns-7 .gallery-item,.elementor-image-gallery .gallery.gallery-columns-8 .gallery-item,.elementor-image-gallery .gallery.gallery-columns-9 .gallery-item,.elementor-image-gallery .gallery.gallery-columns-10 .gallery-item{max-width:50%}}@media (max-width:479px){.elementor-image-gallery .gallery.gallery-columns-2 .gallery-item,.elementor-image-gallery .gallery.gallery-columns-3 .gallery-item,.elementor-image-gallery .gallery.gallery-columns-4 .gallery-item,.elementor-image-gallery .gallery.gallery-columns-5 .gallery-item,.elementor-image-gallery .gallery.gallery-columns-6 .gallery-item,.elementor-image-gallery .gallery.gallery-columns-7 .gallery-item,.elementor-image-gallery .gallery.gallery-columns-8 .gallery-item,.elementor-image-gallery .gallery.gallery-columns-9 .gallery-item,.elementor-image-gallery .gallery.gallery-columns-10 .gallery-item{max-width:100%}}<\/style>\t\t<div class=\"elementor-image-gallery\">\n\t\t\t<div id='gallery-1' class='gallery galleryid-634 gallery-columns-2 gallery-size-full'><figure class='gallery-item'>\n\t\t\t<div class='gallery-icon landscape'>\n\t\t\t\t<a data-elementor-open-lightbox=\"yes\" data-elementor-lightbox-slideshow=\"28807567\" data-elementor-lightbox-title=\"202212161671196849A2\" data-e-action-hash=\"#elementor-action%3Aaction%3Dlightbox%26settings%3DeyJpZCI6NjM3LCJ1cmwiOiJodHRwczpcL1wvam9maXNhMTEuZW5nZW1hcmtldGluZy5jb20uYnJcL3dwLWNvbnRlbnRcL3VwbG9hZHNcLzIwMjNcLzA3XC8yMDIyMTIxNjE2NzExOTY4NDlBMi53ZWJwIiwic2xpZGVzaG93IjoiMjg4MDc1NjcifQ%3D%3D\" href='https:\/\/jofisa11.engemarketing.com.br\/wp-content\/uploads\/2023\/07\/202212161671196849A2.webp'><img loading=\"lazy\" decoding=\"async\" width=\"584\" height=\"386\" src=\"https:\/\/jofisa11.engemarketing.com.br\/wp-content\/uploads\/2023\/07\/202212161671196849A2.webp\" class=\"attachment-full size-full\" alt=\"\" srcset=\"https:\/\/jofisa11.engemarketing.com.br\/wp-content\/uploads\/2023\/07\/202212161671196849A2.webp 584w, https:\/\/jofisa11.engemarketing.com.br\/wp-content\/uploads\/2023\/07\/202212161671196849A2-300x198.webp 300w\" sizes=\"auto, (max-width: 584px) 100vw, 584px\" \/><\/a>\n\t\t\t<\/div><\/figure><figure class='gallery-item'>\n\t\t\t<div class='gallery-icon landscape'>\n\t\t\t\t<a data-elementor-open-lightbox=\"yes\" data-elementor-lightbox-slideshow=\"28807567\" data-elementor-lightbox-title=\"202212161671196849A1\" data-e-action-hash=\"#elementor-action%3Aaction%3Dlightbox%26settings%3DeyJpZCI6NjM4LCJ1cmwiOiJodHRwczpcL1wvam9maXNhMTEuZW5nZW1hcmtldGluZy5jb20uYnJcL3dwLWNvbnRlbnRcL3VwbG9hZHNcLzIwMjNcLzA3XC8yMDIyMTIxNjE2NzExOTY4NDlBMS53ZWJwIiwic2xpZGVzaG93IjoiMjg4MDc1NjcifQ%3D%3D\" href='https:\/\/jofisa11.engemarketing.com.br\/wp-content\/uploads\/2023\/07\/202212161671196849A1.webp'><img loading=\"lazy\" decoding=\"async\" width=\"584\" height=\"386\" src=\"https:\/\/jofisa11.engemarketing.com.br\/wp-content\/uploads\/2023\/07\/202212161671196849A1.webp\" class=\"attachment-full size-full\" alt=\"\" srcset=\"https:\/\/jofisa11.engemarketing.com.br\/wp-content\/uploads\/2023\/07\/202212161671196849A1.webp 584w, https:\/\/jofisa11.engemarketing.com.br\/wp-content\/uploads\/2023\/07\/202212161671196849A1-300x198.webp 300w\" sizes=\"auto, (max-width: 584px) 100vw, 584px\" \/><\/a>\n\t\t\t<\/div><\/figure><figure class='gallery-item'>\n\t\t\t<div class='gallery-icon landscape'>\n\t\t\t\t<a data-elementor-open-lightbox=\"yes\" data-elementor-lightbox-slideshow=\"28807567\" data-elementor-lightbox-title=\"202212151671111019estrutura8\" data-e-action-hash=\"#elementor-action%3Aaction%3Dlightbox%26settings%3DeyJpZCI6NjM5LCJ1cmwiOiJodHRwczpcL1wvam9maXNhMTEuZW5nZW1hcmtldGluZy5jb20uYnJcL3dwLWNvbnRlbnRcL3VwbG9hZHNcLzIwMjNcLzA3XC8yMDIyMTIxNTE2NzExMTEwMTllc3RydXR1cmE4LndlYnAiLCJzbGlkZXNob3ciOiIyODgwNzU2NyJ9\" href='https:\/\/jofisa11.engemarketing.com.br\/wp-content\/uploads\/2023\/07\/202212151671111019estrutura8.webp'><img loading=\"lazy\" decoding=\"async\" width=\"584\" height=\"438\" src=\"https:\/\/jofisa11.engemarketing.com.br\/wp-content\/uploads\/2023\/07\/202212151671111019estrutura8.webp\" class=\"attachment-full size-full\" alt=\"\" srcset=\"https:\/\/jofisa11.engemarketing.com.br\/wp-content\/uploads\/2023\/07\/202212151671111019estrutura8.webp 584w, https:\/\/jofisa11.engemarketing.com.br\/wp-content\/uploads\/2023\/07\/202212151671111019estrutura8-300x225.webp 300w\" sizes=\"auto, (max-width: 584px) 100vw, 584px\" \/><\/a>\n\t\t\t<\/div><\/figure><figure class='gallery-item'>\n\t\t\t<div class='gallery-icon landscape'>\n\t\t\t\t<a data-elementor-open-lightbox=\"yes\" data-elementor-lightbox-slideshow=\"28807567\" data-elementor-lightbox-title=\"202212151671111019estrutura4\" data-e-action-hash=\"#elementor-action%3Aaction%3Dlightbox%26settings%3DeyJpZCI6NjQwLCJ1cmwiOiJodHRwczpcL1wvam9maXNhMTEuZW5nZW1hcmtldGluZy5jb20uYnJcL3dwLWNvbnRlbnRcL3VwbG9hZHNcLzIwMjNcLzA3XC8yMDIyMTIxNTE2NzExMTEwMTllc3RydXR1cmE0LndlYnAiLCJzbGlkZXNob3ciOiIyODgwNzU2NyJ9\" href='https:\/\/jofisa11.engemarketing.com.br\/wp-content\/uploads\/2023\/07\/202212151671111019estrutura4.webp'><img loading=\"lazy\" decoding=\"async\" width=\"584\" height=\"438\" src=\"https:\/\/jofisa11.engemarketing.com.br\/wp-content\/uploads\/2023\/07\/202212151671111019estrutura4.webp\" class=\"attachment-full size-full\" alt=\"\" srcset=\"https:\/\/jofisa11.engemarketing.com.br\/wp-content\/uploads\/2023\/07\/202212151671111019estrutura4.webp 584w, https:\/\/jofisa11.engemarketing.com.br\/wp-content\/uploads\/2023\/07\/202212151671111019estrutura4-300x225.webp 300w\" sizes=\"auto, (max-width: 584px) 100vw, 584px\" \/><\/a>\n\t\t\t<\/div><\/figure>\n\t\t<\/div>\n\t\t<\/div>\n\t\t\t\t<\/div>\n\t\t\t\t<\/div>\n\t\t\t\t\t<\/div>\n\t\t<\/div>\n\t\t\t\t<div class=\"elementor-column elementor-col-50 elementor-top-column elementor-element elementor-element-6c99774\" data-id=\"6c99774\" data-element_type=\"column\">\n\t\t\t<div class=\"elementor-widget-wrap elementor-element-populated\">\n\t\t\t\t\t\t\t\t<div class=\"elementor-element elementor-element-7b1e1516 elementor-widget elementor-widget-text-editor\" data-id=\"7b1e1516\" data-element_type=\"widget\" data-widget_type=\"text-editor.default\">\n\t\t\t\t<div class=\"elementor-widget-container\">\n\t\t\t<style>\/*! elementor - v3.14.0 - 26-06-2023 *\/\n.elementor-widget-text-editor.elementor-drop-cap-view-stacked .elementor-drop-cap{background-color:#69727d;color:#fff}.elementor-widget-text-editor.elementor-drop-cap-view-framed .elementor-drop-cap{color:#69727d;border:3px solid;background-color:transparent}.elementor-widget-text-editor:not(.elementor-drop-cap-view-default) .elementor-drop-cap{margin-top:8px}.elementor-widget-text-editor:not(.elementor-drop-cap-view-default) .elementor-drop-cap-letter{width:1em;height:1em}.elementor-widget-text-editor .elementor-drop-cap{float:left;text-align:center;line-height:1;font-size:50px}.elementor-widget-text-editor .elementor-drop-cap-letter{display:inline-block}<\/style>\t\t\t\t<p><b>Pousada Costa da Riviera<\/b><\/p>\t\t\t\t\t\t<\/div>\n\t\t\t\t<\/div>\n\t\t\t\t<div class=\"elementor-element elementor-element-3219c84b elementor-widget elementor-widget-text-editor\" data-id=\"3219c84b\" data-element_type=\"widget\" data-widget_type=\"text-editor.default\">\n\t\t\t\t<div class=\"elementor-widget-container\">\n\t\t\t\t\t\t\t<p class=\"v1MsoNormal\"><b>Descri\u00e7\u00e3o<\/b><\/p><p class=\"v1MsoNormal\">A pousada esta localizada a 10 Km do centro de Bertioga, a 02 Km da Riviera de S\u00e3o Louren\u00e7o e a 500 m da praia da Enseada Indai\u00e1.<\/p><p class=\"v1MsoNormal\"><b>Estrutura:<\/b>\u00a0Piscina climatizada, adulto e infantil e churrasqueira, estacionamento fechado e monitorado 24 horas.<\/p><p class=\"v1MsoNormal\"><b>Acomoda\u00e7\u00e3o:<\/b>\u00a0Possui Su\u00edtes com cama box de casal convencional, TV de Led, 24\u2019 ou 32\u2019, antena parab\u00f3lica, frigobar e varanda privativa.<\/p><p class=\"v1MsoNormal\">Apartamento com cama de casal, duas camas de solteiro, opcional duas beliches, com cozinha equipada, TV de Led e ventilador de teto.<\/p><p class=\"v1MsoNormal\">N\u00e3o aceita animais.<\/p><p class=\"v1MsoNormal\"><b>Informa\u00e7\u00f5es Adicionais<\/b><\/p><p class=\"v1MsoNormal\">Av. Anchieta, 11.197 \u2013 Bertioga \u2013 SP<\/p><p class=\"v1MsoNormal\"><b>Como Chegar &#8211; Ver pelo google<\/b><\/p><p class=\"v1MsoNormal\">ATENDIMENTO S\u00d3 PARA ASSOCIADO<\/p><p class=\"v1MsoNormal\">A RESERVA DEVE SER EFETUADA NA JOFISA<\/p>\t\t\t\t\t\t<\/div>\n\t\t\t\t<\/div>\n\t\t\t\t\t<\/div>\n\t\t<\/div>\n\t\t\t\t\t\t\t<\/div>\n\t\t<\/section>\n\t\t\t\t\t\t\t<\/div>\n\t\t","protected":false},"excerpt":{"rendered":"<p>Bertioga Pousada Costa da Riviera Descri\u00e7\u00e3o A pousada esta localizada a 10 Km do centro de Bertioga, a 02 Km da Riviera de S\u00e3o Louren\u00e7o e a 500 m da praia da Enseada Indai\u00e1. Estrutura:\u00a0Piscina climatizada, adulto e infantil e churrasqueira, estacionamento fechado e monitorado 24 horas. Acomoda\u00e7\u00e3o:\u00a0Possui Su\u00edtes com cama box de casal convencional, &hellip;<\/p>\n<p class=\"read-more\"> <a class=\"\" href=\"https:\/\/jofisa11.engemarketing.com.br\/index.php\/bertioga\/\"> <span class=\"screen-reader-text\">Bertioga<\/span> Leia mais &raquo;<\/a><\/p>\n","protected":false},"author":1,"featured_media":0,"parent":0,"menu_order":0,"comment_status":"closed","ping_status":"closed","template":"","meta":{"site-sidebar-layout":"no-sidebar","site-content-layout":"page-builder","ast-global-header-display":"","ast-banner-title-visibility":"","ast-main-header-display":"","ast-hfb-above-header-display":"","ast-hfb-below-header-display":"","ast-hfb-mobile-header-display":"","site-post-title":"disabled","ast-breadcrumbs-content":"","ast-featured-img":"disabled","footer-sml-layout":"","theme-transparent-header-meta":"","adv-header-id-meta":"","stick-header-meta":"","header-above-stick-meta":"","header-main-stick-meta":"","header-below-stick-meta":"","footnotes":""},"class_list":["post-634","page","type-page","status-publish","hentry"],"_links":{"self":[{"href":"https:\/\/jofisa11.engemarketing.com.br\/index.php\/wp-json\/wp\/v2\/pages\/634","targetHints":{"allow":["GET"]}}],"collection":[{"href":"https:\/\/jofisa11.engemarketing.com.br\/index.php\/wp-json\/wp\/v2\/pages"}],"about":[{"href":"https:\/\/jofisa11.engemarketing.com.br\/index.php\/wp-json\/wp\/v2\/types\/page"}],"author":[{"embeddable":true,"href":"https:\/\/jofisa11.engemarketing.com.br\/index.php\/wp-json\/wp\/v2\/users\/1"}],"replies":[{"embeddable":true,"href":"https:\/\/jofisa11.engemarketing.com.br\/index.php\/wp-json\/wp\/v2\/comments?post=634"}],"version-history":[{"count":7,"href":"https:\/\/jofisa11.engemarketing.com.br\/index.php\/wp-json\/wp\/v2\/pages\/634\/revisions"}],"predecessor-version":[{"id":647,"href":"https:\/\/jofisa11.engemarketing.com.br\/index.php\/wp-json\/wp\/v2\/pages\/634\/revisions\/647"}],"wp:attachment":[{"href":"https:\/\/jofisa11.engemarketing.com.br\/index.php\/wp-json\/wp\/v2\/media?parent=634"}],"curies":[{"name":"wp","href":"https:\/\/api.w.org\/{rel}","templated":true}]}}